{"id":2940,"date":"2024-06-05T17:00:21","date_gmt":"2024-06-05T15:00:21","guid":{"rendered":"https:\/\/www.delicessurgeles.com\/site-map\/"},"modified":"2024-06-05T17:00:21","modified_gmt":"2024-06-05T15:00:21","slug":"site-map","status":"publish","type":"page","link":"https:\/\/www.delicessurgeles.com\/en\/site-map\/","title":{"rendered":"Site map"},"content":{"rendered":"<div class=\"wsp-container\"><h2 class=\"wsp-pages-title\">Pages<\/h2>\n<ul class=\"wsp-pages-list\">\n<li class=\"page_item page-item-2974\"><a href=\"https:\/\/www.delicessurgeles.com\/en\/about-us\/\">About us<\/a><\/li>\n<li class=\"page_item page-item-2970\"><a href=\"https:\/\/www.delicessurgeles.com\/en\/contact\/\">Contact<\/a><\/li>\n<li class=\"page_item page-item-2938\"><a href=\"https:\/\/www.delicessurgeles.com\/en\/footer\/\">Footer<\/a><\/li>\n<li class=\"page_item page-item-2978\"><a href=\"https:\/\/www.delicessurgeles.com\/en\/\">Home<\/a><\/li>\n<li class=\"page_item page-item-2967 page_item_has_children\"><a href=\"https:\/\/www.delicessurgeles.com\/en\/products\/\">Products<\/a>\n<ul class='children'>\n\t<li class=\"page_item page-item-2963\"><a href=\"https:\/\/www.delicessurgeles.com\/en\/products\/bokit-dough\/\">Frozen Bokit Dough<\/a><\/li>\n\t<li class=\"page_item page-item-2946\"><a href=\"https:\/\/www.delicessurgeles.com\/en\/products\/dombres\/\">Frozen Dombr\u00e9s<\/a><\/li>\n\t<li class=\"page_item page-item-2959\"><a href=\"https:\/\/www.delicessurgeles.com\/en\/products\/pizza-dough\/\">Frozen Pizza Dough<\/a><\/li>\n\t<li class=\"page_item page-item-2954\"><a href=\"https:\/\/www.delicessurgeles.com\/en\/products\/puff-pastry\/\">Frozen puff pastry<\/a><\/li>\n\t<li class=\"page_item page-item-2937\"><a href=\"https:\/\/www.delicessurgeles.com\/en\/products\/shortcrust-pastry\/\">Frozen shortcrust pastry<\/a><\/li>\n<\/ul>\n<\/li>\n<li class=\"page_item page-item-2940\"><a href=\"https:\/\/www.delicessurgeles.com\/en\/site-map\/\">Site map<\/a><\/li>\n<\/ul>\n<\/div>\n","protected":false},"excerpt":{"rendered":"Pages About us Contact Footer Home Products Frozen Bokit Dough Frozen Dombr\u00e9s Frozen Pizza Dough Frozen puff pastry Frozen shortcrust pastry Site map","protected":false},"author":2,"featured_media":0,"parent":0,"menu_order":0,"comment_status":"closed","ping_status":"closed","template":"","meta":{"footnotes":""},"class_list":["post-2940","page","type-page","status-publish","hentry"],"yoast_head":"<!-- This site is optimized with the Yoast SEO Premium plugin v22.8 (Yoast SEO v24.4) - https:\/\/yoast.com\/wordpress\/plugins\/seo\/ -->\n<title>Site map - Les D\u00e9lices Surgel\u00e9s<\/title>\n<meta name=\"robots\" content=\"index, follow, max-snippet:-1, max-image-preview:large, max-video-preview:-1\" \/>\n<link rel=\"canonical\" href=\"https:\/\/www.delicessurgeles.com\/en\/site-map\/\" \/>\n<meta property=\"og:locale\" content=\"en_US\" \/>\n<meta property=\"og:type\" content=\"article\" \/>\n<meta property=\"og:title\" content=\"Site map\" \/>\n<meta property=\"og:url\" content=\"https:\/\/www.delicessurgeles.com\/en\/site-map\/\" \/>\n<meta property=\"og:site_name\" content=\"Les D\u00e9lices Surgel\u00e9s\" \/>\n<meta name=\"twitter:card\" content=\"summary_large_image\" \/>\n<!-- \/ Yoast SEO Premium plugin. -->","yoast_head_json":{"title":"Site map - Les D\u00e9lices Surgel\u00e9s","robots":{"index":"index","follow":"follow","max-snippet":"max-snippet:-1","max-image-preview":"max-image-preview:large","max-video-preview":"max-video-preview:-1"},"canonical":"https:\/\/www.delicessurgeles.com\/en\/site-map\/","og_locale":"en_US","og_type":"article","og_title":"Site map","og_url":"https:\/\/www.delicessurgeles.com\/en\/site-map\/","og_site_name":"Les D\u00e9lices Surgel\u00e9s","twitter_card":"summary_large_image","schema":{"@context":"https:\/\/schema.org","@graph":[{"@type":"WebPage","@id":"https:\/\/www.delicessurgeles.com\/en\/site-map\/","url":"https:\/\/www.delicessurgeles.com\/en\/site-map\/","name":"Site map - Les D\u00e9lices Surgel\u00e9s","isPartOf":{"@id":"https:\/\/www.delicessurgeles.com\/en\/#website"},"datePublished":"2024-06-05T15:00:21+00:00","breadcrumb":{"@id":"https:\/\/www.delicessurgeles.com\/en\/site-map\/#breadcrumb"},"inLanguage":"en-US","potentialAction":[{"@type":"ReadAction","target":["https:\/\/www.delicessurgeles.com\/en\/site-map\/"]}]},{"@type":"BreadcrumbList","@id":"https:\/\/www.delicessurgeles.com\/en\/site-map\/#breadcrumb","itemListElement":[{"@type":"ListItem","position":1,"name":"Accueil","item":"https:\/\/www.delicessurgeles.com\/en\/home\/"},{"@type":"ListItem","position":2,"name":"Site map"}]},{"@type":"WebSite","@id":"https:\/\/www.delicessurgeles.com\/en\/#website","url":"https:\/\/www.delicessurgeles.com\/en\/","name":"Les D\u00e9lices Surgel\u00e9s","description":"Dombr\u00e9s, p\u00e2tes \u00e0 pizza, bokit, feuillet\u00e9es &amp; bris\u00e9es","publisher":{"@id":"https:\/\/www.delicessurgeles.com\/en\/#organization"},"potentialAction":[{"@type":"SearchAction","target":{"@type":"EntryPoint","urlTemplate":"https:\/\/www.delicessurgeles.com\/en\/?s={search_term_string}"},"query-input":{"@type":"PropertyValueSpecification","valueRequired":true,"valueName":"search_term_string"}}],"inLanguage":"en-US"},{"@type":"Organization","@id":"https:\/\/www.delicessurgeles.com\/en\/#organization","name":"Les D\u00e9lices Surgel\u00e9s","url":"https:\/\/www.delicessurgeles.com\/en\/","logo":{"@type":"ImageObject","inLanguage":"en-US","@id":"https:\/\/www.delicessurgeles.com\/en\/#\/schema\/logo\/image\/","url":"https:\/\/www.delicessurgeles.com\/wp-content\/uploads\/2024\/05\/logo-inv-delices-surgeles-site.png","contentUrl":"https:\/\/www.delicessurgeles.com\/wp-content\/uploads\/2024\/05\/logo-inv-delices-surgeles-site.png","width":2173,"height":420,"caption":"Les D\u00e9lices Surgel\u00e9s"},"image":{"@id":"https:\/\/www.delicessurgeles.com\/en\/#\/schema\/logo\/image\/"}}]}},"_links":{"self":[{"href":"https:\/\/www.delicessurgeles.com\/en\/wp-json\/wp\/v2\/pages\/2940","targetHints":{"allow":["GET"]}}],"collection":[{"href":"https:\/\/www.delicessurgeles.com\/en\/wp-json\/wp\/v2\/pages"}],"about":[{"href":"https:\/\/www.delicessurgeles.com\/en\/wp-json\/wp\/v2\/types\/page"}],"author":[{"embeddable":true,"href":"https:\/\/www.delicessurgeles.com\/en\/wp-json\/wp\/v2\/users\/2"}],"replies":[{"embeddable":true,"href":"https:\/\/www.delicessurgeles.com\/en\/wp-json\/wp\/v2\/comments?post=2940"}],"version-history":[{"count":0,"href":"https:\/\/www.delicessurgeles.com\/en\/wp-json\/wp\/v2\/pages\/2940\/revisions"}],"wp:attachment":[{"href":"https:\/\/www.delicessurgeles.com\/en\/wp-json\/wp\/v2\/media?parent=2940"}],"curies":[{"name":"wp","href":"https:\/\/api.w.org\/{rel}","templated":true}]}}