{"id":2946,"date":"2017-11-03T16:01:58","date_gmt":"2017-11-03T15:01:58","guid":{"rendered":"https:\/\/www.delicessurgeles.com\/dombres\/"},"modified":"2025-03-04T12:27:36","modified_gmt":"2025-03-04T11:27:36","slug":"dombres","status":"publish","type":"page","link":"https:\/\/www.delicessurgeles.com\/en\/products\/dombres\/","title":{"rendered":"Frozen Dombr\u00e9s"},"content":{"rendered":"<p>[vc_section content_layout=&#8221;full&#8221; animation_delay=&#8221;&#8221; disable=&#8221;&#8221; id=&#8221;&#8221; class=&#8221;&#8221; bg_type=&#8221;image&#8221; bg_image=&#8221;&#8221; color_overlay=&#8221;&#8221; enable_parallax=&#8221;&#8221; enable_pattern=&#8221;&#8221;][vc_row content_layout=&#8221;boxed&#8221; equal_height=&#8221;&#8221; animation_delay=&#8221;&#8221; disable=&#8221;&#8221; id=&#8221;&#8221; class=&#8221;&#8221; bg_type=&#8221;image&#8221; bg_image=&#8221;&#8221; color_overlay=&#8221;&#8221; enable_parallax=&#8221;&#8221; enable_pattern=&#8221;&#8221;][vc_column layout=&#8221;normal&#8221; vertical_align=&#8221;auto&#8221; animation_delay=&#8221;&#8221; width=&#8221;1\/2&#8243;][vc_row_inner equal_height=&#8221;&#8221; animation_delay=&#8221;&#8221; disable=&#8221;&#8221; id=&#8221;&#8221; class=&#8221;&#8221;][vc_column_inner vertical_align=&#8221;top&#8221; animation_delay=&#8221;&#8221; width=&#8221;2\/3&#8243;][vc_column_text css=&#8221;.vc_custom_1740477091019{margin-bottom: 20px !important;}&#8221;]<\/p>\n<h3 class=\"vu_p-name\">FROZEN DOMBR\u00c9S<\/h3>\n<p>[\/vc_column_text][\/vc_column_inner][vc_column_inner vertical_align=&#8221;top&#8221; animation_delay=&#8221;&#8221; width=&#8221;1\/3&#8243;][\/vc_column_inner][\/vc_row_inner][vc_separator color=&#8221;custom&#8221; accent_color=&#8221;#f1f1f1&#8243;][vc_column_text css=&#8221;.vc_custom_1740477435404{margin-bottom: 25px !important;}&#8221;]<\/p>\n<h2 class=\"mb-2 mt-6 text-lg first:mt-3\">Guadeloupean Tradition at Your Table<\/h2>\n<p>Discover our frozen dombr\u00e9s, packaged in convenient 800g packs, a culinary specialty typical of Guadeloupe. Prepared with care, our frozen dombr\u00e9s offer authentic texture and gourmet flavors, while guaranteeing optimal preservation thanks to their frozen packaging. Ideal for quickly preparing traditional dishes, our frozen dombr\u00e9s let you export Guadeloupean culture to your home, wherever you are.<\/p>\n<h2 class=\"mb-2 mt-6 text-lg first:mt-3\">Traditional Specialties<\/h2>\n<ul class=\"list-disc pl-8\">\n<li><span class=\"\">Dombr\u00e9s with lambis (served with lambis, a local mollusc)<\/span><\/li>\n<li><span class=\"\">Dombres and kidney beans (a comforting classic)<\/span><\/li>\n<li><span class=\"\">Dombr\u00e9s with ouassous (with ouassous, large freshwater shrimp)<\/span><\/li>\n<li><span class=\"\">Dombr\u00e9s with smoked chicken (a tasty combination)<\/span><\/li>\n<li><span class=\"\">B\u00e9b\u00e9l\u00e9, a speciality of Marie-Galante (mini-dumbs available on request)<\/span><\/li>\n<\/ul>\n<p><span class=\"\">Our frozen dombr\u00e9s, born of a rich culinary tradition, are a delicious way to revisit the emblematic dishes of our region.<\/span>[\/vc_column_text][vc_empty_space][\/vc_column][vc_column layout=&#8221;normal&#8221; vertical_align=&#8221;auto&#8221; animation_delay=&#8221;&#8221; width=&#8221;1\/2&#8243;]\t\t<div class=\"vu_image-slider vu_is-navigation-none vu_is-pagination-always vu_is-without-captions vu_carousel vu_lightbox vu_l-gallery\" data-options=\"{&quot;singleItem&quot;:true,&quot;autoHeight&quot;:true,&quot;items&quot;:1,&quot;autoPlay&quot;:3000,&quot;stopOnHover&quot;:true,&quot;navigation&quot;:false,&quot;navigationText&quot;:[&quot;&lt;i class=\\&quot;fa fa-arrow-left\\&quot;&gt;&lt;\\\/i&gt;&quot;,&quot;&lt;i class=\\&quot;fa fa-arrow-right\\&quot;&gt;&lt;\\\/i&gt;&quot;],&quot;rewindNav&quot;:true,&quot;scrollPerPage&quot;:true,&quot;pagination&quot;:true,&quot;paginationNumbers&quot;:false}\" data-delegate=\"a.vu_is-lightbox\" data-ratio=\"4:3\">\r\n\t\t\t<div class=\"vu_is-item\"><a href=\"https:\/\/www.delicessurgeles.com\/wp-content\/uploads\/2024\/05\/pdt-dombres.jpg\"  class=\"vu_is-lightbox\"><figure class=\"vu_is-i-figure vu_lazy-load\" data-img=\"https:\/\/www.delicessurgeles.com\/wp-content\/uploads\/2024\/05\/pdt-dombres.jpg\"><img loading=\"lazy\" decoding=\"async\" width=\"600\" height=\"600\" src=\"https:\/\/www.delicessurgeles.com\/wp-content\/uploads\/2024\/05\/pdt-dombres.jpg\" class=\"attachment-bakery_ratio-4:3 size-bakery_ratio-4:3\" alt=\"\" srcset=\"https:\/\/www.delicessurgeles.com\/wp-content\/uploads\/2024\/05\/pdt-dombres.jpg 600w, https:\/\/www.delicessurgeles.com\/wp-content\/uploads\/2024\/05\/pdt-dombres-300x300.jpg 300w, https:\/\/www.delicessurgeles.com\/wp-content\/uploads\/2024\/05\/pdt-dombres-150x150.jpg 150w, https:\/\/www.delicessurgeles.com\/wp-content\/uploads\/2024\/05\/pdt-dombres-100x100.jpg 100w\" sizes=\"auto, (max-width: 600px) 100vw, 600px\" \/><\/figure><\/a><\/div><div class=\"vu_is-item\"><a href=\"https:\/\/www.delicessurgeles.com\/wp-content\/uploads\/2024\/05\/sldr-dombres.jpg\"  class=\"vu_is-lightbox\"><figure class=\"vu_is-i-figure vu_lazy-load\" data-img=\"https:\/\/www.delicessurgeles.com\/wp-content\/uploads\/2024\/05\/sldr-dombres.jpg\"><img loading=\"lazy\" decoding=\"async\" width=\"800\" height=\"600\" src=\"https:\/\/www.delicessurgeles.com\/wp-content\/uploads\/2024\/05\/sldr-dombres-800x600.jpg\" class=\"attachment-bakery_ratio-4:3 size-bakery_ratio-4:3\" alt=\"Dombr\u00e9s surgel\u00e9s de qualit\u00e9 artisanale\" \/><\/figure><\/a><\/div><div class=\"vu_is-item\"><a href=\"https:\/\/www.delicessurgeles.com\/wp-content\/uploads\/2024\/05\/IMG-20240523-WA0033-scaled.jpg\"  class=\"vu_is-lightbox\"><figure class=\"vu_is-i-figure vu_lazy-load\" data-img=\"https:\/\/www.delicessurgeles.com\/wp-content\/uploads\/2024\/05\/IMG-20240523-WA0033-scaled.jpg\"><img loading=\"lazy\" decoding=\"async\" width=\"800\" height=\"600\" src=\"https:\/\/www.delicessurgeles.com\/wp-content\/uploads\/2024\/05\/IMG-20240523-WA0033-800x600.jpg\" class=\"attachment-bakery_ratio-4:3 size-bakery_ratio-4:3\" alt=\"\" \/><\/figure><\/a><\/div>\t\t<\/div>\r\n\t[vc_empty_space][\/vc_column][\/vc_row][\/vc_section][vc_section content_layout=&#8221;full&#8221; animation_delay=&#8221;&#8221; disable=&#8221;&#8221; id=&#8221;&#8221; class=&#8221;&#8221; bg_type=&#8221;image&#8221; bg_image=&#8221;&#8221; color_overlay=&#8221;&#8221; enable_parallax=&#8221;&#8221; enable_pattern=&#8221;&#8221; css=&#8221;.vc_custom_1512209750466{margin-bottom: 40px !important;}&#8221;][vc_row content_layout=&#8221;boxed&#8221; equal_height=&#8221;&#8221; animation_delay=&#8221;&#8221; disable=&#8221;&#8221; id=&#8221;&#8221; class=&#8221;&#8221; bg_type=&#8221;image&#8221; bg_image=&#8221;&#8221; color_overlay=&#8221;&#8221; enable_parallax=&#8221;&#8221; enable_pattern=&#8221;&#8221;][vc_column layout=&#8221;normal&#8221; vertical_align=&#8221;auto&#8221; animation_delay=&#8221;&#8221; width=&#8221;1\/2&#8243;]\t\t<div class=\"vu_video-section vu_lazy-load\" data-img=\"https:\/\/www.delicessurgeles.com\/wp-content\/uploads\/2024\/06\/Dombres-Pub.jpg\">\r\n\t\t\t<div class=\"vu_vs-inner p-b-0\" style=\"height:550px\">\r\n\t\t\t\t<a href=\"https:\/\/www.youtube.com\/watch?v=YKI7tFjlICc\" class=\"vu_vs-play vu_lightbox\" data-type=\"iframe\"><i class=\"fa fa-play\"><\/i><\/a>\r\n\r\n\t\t\t\t\r\n\t\t\t\t\t\t\t<\/div>\r\n\t\t<\/div>\r\n\t[\/vc_column][vc_column layout=&#8221;normal&#8221; vertical_align=&#8221;auto&#8221; animation_delay=&#8221;&#8221; width=&#8221;1\/2&#8243;]\t\t<header class=\"vu_heading vu_h-style-1 vu_h-alignment-left space\">\r\n\t\t\t\r\n\t\t\t<h2 class=\"vu_h-heading\"><span>Get in touch with us !<\/span><\/h2>\r\n\r\n\t\t\t\t\t\t\t<div class=\"vu_h-subheading\">\r\n\t\t\t\t\t<p>Please use this form to submit your requests<\/p>\n\t\t\t\t<\/div>\r\n\t\t\t\t\t<\/header>\r\n\t\t\t<div class=\"vu_contact-form-7 vu_cf7-style-default clearfix \">\r\n\t\t\t\r\n\t\t\t\n<div class=\"wpcf7 no-js\" id=\"wpcf7-f2953-o1\" lang=\"en-US\" dir=\"ltr\" data-wpcf7-id=\"2953\">\n<div class=\"screen-reader-response\"><p role=\"status\" aria-live=\"polite\" aria-atomic=\"true\"><\/p> <ul><\/ul><\/div>\n<form action=\"\/en\/wp-json\/wp\/v2\/pages\/2946#wpcf7-f2953-o1\" method=\"post\" class=\"wpcf7-form init vu_cf7-frm\" aria-label=\"Contact form\" novalidate=\"novalidate\" data-status=\"init\">\n<div style=\"display: none;\">\n<input type=\"hidden\" name=\"_wpcf7\" value=\"2953\" \/>\n<input type=\"hidden\" name=\"_wpcf7_version\" value=\"6.0.3\" \/>\n<input type=\"hidden\" name=\"_wpcf7_locale\" value=\"en_US\" \/>\n<input type=\"hidden\" name=\"_wpcf7_unit_tag\" value=\"wpcf7-f2953-o1\" \/>\n<input type=\"hidden\" name=\"_wpcf7_container_post\" value=\"0\" \/>\n<input type=\"hidden\" name=\"_wpcf7_posted_data_hash\" value=\"\" \/>\n<input type=\"hidden\" name=\"_wpcf7_recaptcha_response\" value=\"\" \/>\n<\/div>\n<div class=\"row\">\n\t<div class=\"col-xs-6 m-b-15\">\n\t\t<p><span class=\"wpcf7-form-control-wrap\" data-name=\"first-name\"><input size=\"40\" maxlength=\"400\" class=\"wpcf7-form-control wpcf7-text wpcf7-validates-as-required form-control m-b-5\" aria-required=\"true\" aria-invalid=\"false\" placeholder=\"First name\" value=\"\" type=\"text\" name=\"first-name\" \/><\/span>\n\t\t<\/p>\n\t<\/div>\n\t<div class=\"col-xs-6 m-b-15\">\n\t\t<p><span class=\"wpcf7-form-control-wrap\" data-name=\"last-name\"><input size=\"40\" maxlength=\"400\" class=\"wpcf7-form-control wpcf7-text wpcf7-validates-as-required form-control m-b-5\" aria-required=\"true\" aria-invalid=\"false\" placeholder=\"Name\" value=\"\" type=\"text\" name=\"last-name\" \/><\/span>\n\t\t<\/p>\n\t<\/div>\n<\/div>\n<div class=\"row\">\n\t<div class=\"col-xs-6 m-b-15\">\n\t\t<p><span class=\"wpcf7-form-control-wrap\" data-name=\"phone\"><input size=\"40\" maxlength=\"400\" class=\"wpcf7-form-control wpcf7-tel wpcf7-validates-as-required wpcf7-text wpcf7-validates-as-tel form-control m-b-5\" aria-required=\"true\" aria-invalid=\"false\" placeholder=\"Phone\" value=\"\" type=\"tel\" name=\"phone\" \/><\/span>\n\t\t<\/p>\n\t<\/div>\n\t<div class=\"col-xs-6 m-b-15\">\n\t\t<p><span class=\"wpcf7-form-control-wrap\" data-name=\"email\"><input size=\"40\" maxlength=\"400\" class=\"wpcf7-form-control wpcf7-email wpcf7-validates-as-required wpcf7-text wpcf7-validates-as-email form-control m-b-5\" aria-required=\"true\" aria-invalid=\"false\" placeholder=\"Email\" value=\"\" type=\"email\" name=\"email\" \/><\/span>\n\t\t<\/p>\n\t<\/div>\n<\/div>\n<div class=\"row\">\n\t<div class=\"col-xs-12 m-b-15\">\n\t\t<p><span class=\"wpcf7-form-control-wrap\" data-name=\"subject\"><input size=\"40\" maxlength=\"400\" class=\"wpcf7-form-control wpcf7-text wpcf7-validates-as-required form-control m-b-5\" aria-required=\"true\" aria-invalid=\"false\" placeholder=\"Subject\" value=\"\" type=\"text\" name=\"subject\" \/><\/span><span class=\"wpcf7-form-control-wrap\" data-name=\"menu-560\"><select class=\"wpcf7-form-control wpcf7-select wpcf7-validates-as-required\" aria-required=\"true\" aria-invalid=\"false\" name=\"menu-560\"><option value=\"\">- Select a product -<\/option><option value=\"Dombr\u00e9s\">Dombr\u00e9s<\/option><option value=\"Bokit dough\">Bokit dough<\/option><option value=\"Pizza dough\">Pizza dough<\/option><option value=\"Shortcrust pastry\">Shortcrust pastry<\/option><option value=\"Puff pastry\">Puff pastry<\/option><\/select><\/span>\n\t\t<\/p>\n\t<\/div>\n<\/div>\n<div class=\"row\">\n\t<div class=\"col-xs-12 m-b-15\">\n\t\t<p><span class=\"wpcf7-form-control-wrap\" data-name=\"message\"><textarea cols=\"40\" rows=\"7\" maxlength=\"2000\" class=\"wpcf7-form-control wpcf7-textarea wpcf7-validates-as-required form-control m-b-5\" aria-required=\"true\" aria-invalid=\"false\" placeholder=\"Message\" name=\"message\"><\/textarea><\/span>\n\t\t<\/p>\n\t<\/div>\n<\/div>\n<div class=\"row\">\n\t<div class=\"col-xs-12 text-right\">\n\t\t<p><input class=\"wpcf7-form-control wpcf7-submit has-spinner btn btn-primary btn-sm btn-inverse btn-round\" type=\"submit\" value=\"SEND\" \/>\n\t\t<\/p>\n\t<\/div>\n<\/div><div class=\"wpcf7-response-output\" aria-hidden=\"true\"><\/div>\n<\/form>\n<\/div>\n\t\t<\/div>\r\n\t[\/vc_column][\/vc_row][\/vc_section]<\/p>\n","protected":false},"excerpt":{"rendered":"<p>[vc_section content_layout=&#8221;full&#8221; animation_delay=&#8221;&#8221; disable=&#8221;&#8221; id=&#8221;&#8221; class=&#8221;&#8221; bg_type=&#8221;image&#8221; bg_image=&#8221;&#8221; color_overlay=&#8221;&#8221; enable_parallax=&#8221;&#8221; enable_pattern=&#8221;&#8221;][vc_row content_layout=&#8221;boxed&#8221; equal_height=&#8221;&#8221; animation_delay=&#8221;&#8221; disable=&#8221;&#8221; id=&#8221;&#8221; class=&#8221;&#8221; bg_type=&#8221;image&#8221; bg_image=&#8221;&#8221; color_overlay=&#8221;&#8221; enable_parallax=&#8221;&#8221; enable_pattern=&#8221;&#8221;][vc_column layout=&#8221;normal&#8221; vertical_align=&#8221;auto&#8221; animation_delay=&#8221;&#8221; width=&#8221;1\/2&#8243;][vc_row_inner equal_height=&#8221;&#8221; animation_delay=&#8221;&#8221; disable=&#8221;&#8221; id=&#8221;&#8221; class=&#8221;&#8221;][vc_column_inner vertical_align=&#8221;top&#8221; animation_delay=&#8221;&#8221; width=&#8221;2\/3&#8243;][vc_column_text css=&#8221;.vc_custom_1740477091019{margin-bottom: 20px !important;}&#8221;] FROZEN DOMBR\u00c9S [\/vc_column_text][\/vc_column_inner][vc_column_inner vertical_align=&#8221;top&#8221; animation_delay=&#8221;&#8221; width=&#8221;1\/3&#8243;][\/vc_column_inner][\/vc_row_inner][vc_separator color=&#8221;custom&#8221; accent_color=&#8221;#f1f1f1&#8243;][vc_column_text css=&#8221;.vc_custom_1740477435404{margin-bottom: 25px !important;}&#8221;] Guadeloupean Tradition at Your Table Discover our [&hellip;]<\/p>\n","protected":false},"author":2,"featured_media":0,"parent":2967,"menu_order":0,"comment_status":"closed","ping_status":"closed","template":"","meta":{"footnotes":""},"class_list":["post-2946","page","type-page","status-publish","hentry"],"yoast_head":"<!-- This site is optimized with the Yoast SEO Premium plugin v22.8 (Yoast SEO v24.4) - https:\/\/yoast.com\/wordpress\/plugins\/seo\/ -->\n<title>Frozen Dombr\u00e9s - Traditional Guadeloupean specialty Les D\u00e9lices Surgel\u00e9s<\/title>\n<meta name=\"description\" content=\"Discover our frozen dombr\u00e9s, an authentic specialty of Guadeloupean cuisine. Carefully prepared and packaged for optimum freshness.\" \/>\n<meta name=\"robots\" content=\"index, follow, max-snippet:-1, max-image-preview:large, max-video-preview:-1\" \/>\n<link rel=\"canonical\" href=\"https:\/\/www.delicessurgeles.com\/en\/products\/dombres\/\" \/>\n<meta property=\"og:locale\" content=\"en_US\" \/>\n<meta property=\"og:type\" content=\"article\" \/>\n<meta property=\"og:title\" content=\"Frozen Dombr\u00e9s\" \/>\n<meta property=\"og:description\" content=\"Discover our frozen dombr\u00e9s, an authentic specialty of Guadeloupean cuisine. Carefully prepared and packaged for optimum freshness.\" \/>\n<meta property=\"og:url\" content=\"https:\/\/www.delicessurgeles.com\/en\/products\/dombres\/\" \/>\n<meta property=\"og:site_name\" content=\"Les D\u00e9lices Surgel\u00e9s\" \/>\n<meta property=\"article:modified_time\" content=\"2025-03-04T11:27:36+00:00\" \/>\n<meta name=\"twitter:card\" content=\"summary_large_image\" \/>\n<meta name=\"twitter:label1\" content=\"Est. reading time\" \/>\n\t<meta name=\"twitter:data1\" content=\"2 minutes\" \/>\n<!-- \/ Yoast SEO Premium plugin. -->","yoast_head_json":{"title":"Frozen Dombr\u00e9s - Traditional Guadeloupean specialty Les D\u00e9lices Surgel\u00e9s","description":"Discover our frozen dombr\u00e9s, an authentic specialty of Guadeloupean cuisine. Carefully prepared and packaged for optimum freshness.","robots":{"index":"index","follow":"follow","max-snippet":"max-snippet:-1","max-image-preview":"max-image-preview:large","max-video-preview":"max-video-preview:-1"},"canonical":"https:\/\/www.delicessurgeles.com\/en\/products\/dombres\/","og_locale":"en_US","og_type":"article","og_title":"Frozen Dombr\u00e9s","og_description":"Discover our frozen dombr\u00e9s, an authentic specialty of Guadeloupean cuisine. Carefully prepared and packaged for optimum freshness.","og_url":"https:\/\/www.delicessurgeles.com\/en\/products\/dombres\/","og_site_name":"Les D\u00e9lices Surgel\u00e9s","article_modified_time":"2025-03-04T11:27:36+00:00","twitter_card":"summary_large_image","twitter_misc":{"Est. reading time":"2 minutes"},"schema":{"@context":"https:\/\/schema.org","@graph":[{"@type":"WebPage","@id":"https:\/\/www.delicessurgeles.com\/en\/products\/dombres\/","url":"https:\/\/www.delicessurgeles.com\/en\/products\/dombres\/","name":"Frozen Dombr\u00e9s - Traditional Guadeloupean specialty Les D\u00e9lices Surgel\u00e9s","isPartOf":{"@id":"https:\/\/www.delicessurgeles.com\/en\/#website"},"datePublished":"2017-11-03T15:01:58+00:00","dateModified":"2025-03-04T11:27:36+00:00","description":"Discover our frozen dombr\u00e9s, an authentic specialty of Guadeloupean cuisine. Carefully prepared and packaged for optimum freshness.","breadcrumb":{"@id":"https:\/\/www.delicessurgeles.com\/en\/products\/dombres\/#breadcrumb"},"inLanguage":"en-US","potentialAction":[{"@type":"ReadAction","target":["https:\/\/www.delicessurgeles.com\/en\/products\/dombres\/"]}]},{"@type":"BreadcrumbList","@id":"https:\/\/www.delicessurgeles.com\/en\/products\/dombres\/#breadcrumb","itemListElement":[{"@type":"ListItem","position":1,"name":"Accueil","item":"https:\/\/www.delicessurgeles.com\/en\/home\/"},{"@type":"ListItem","position":2,"name":"Products","item":"https:\/\/www.delicessurgeles.com\/en\/products\/"},{"@type":"ListItem","position":3,"name":"Frozen Dombr\u00e9s"}]},{"@type":"WebSite","@id":"https:\/\/www.delicessurgeles.com\/en\/#website","url":"https:\/\/www.delicessurgeles.com\/en\/","name":"Les D\u00e9lices Surgel\u00e9s","description":"Dombr\u00e9s, p\u00e2tes \u00e0 pizza, bokit, feuillet\u00e9es &amp; bris\u00e9es","publisher":{"@id":"https:\/\/www.delicessurgeles.com\/en\/#organization"},"potentialAction":[{"@type":"SearchAction","target":{"@type":"EntryPoint","urlTemplate":"https:\/\/www.delicessurgeles.com\/en\/?s={search_term_string}"},"query-input":{"@type":"PropertyValueSpecification","valueRequired":true,"valueName":"search_term_string"}}],"inLanguage":"en-US"},{"@type":"Organization","@id":"https:\/\/www.delicessurgeles.com\/en\/#organization","name":"Les D\u00e9lices Surgel\u00e9s","url":"https:\/\/www.delicessurgeles.com\/en\/","logo":{"@type":"ImageObject","inLanguage":"en-US","@id":"https:\/\/www.delicessurgeles.com\/en\/#\/schema\/logo\/image\/","url":"https:\/\/www.delicessurgeles.com\/wp-content\/uploads\/2024\/05\/logo-inv-delices-surgeles-site.png","contentUrl":"https:\/\/www.delicessurgeles.com\/wp-content\/uploads\/2024\/05\/logo-inv-delices-surgeles-site.png","width":2173,"height":420,"caption":"Les D\u00e9lices Surgel\u00e9s"},"image":{"@id":"https:\/\/www.delicessurgeles.com\/en\/#\/schema\/logo\/image\/"}}]}},"_links":{"self":[{"href":"https:\/\/www.delicessurgeles.com\/en\/wp-json\/wp\/v2\/pages\/2946","targetHints":{"allow":["GET"]}}],"collection":[{"href":"https:\/\/www.delicessurgeles.com\/en\/wp-json\/wp\/v2\/pages"}],"about":[{"href":"https:\/\/www.delicessurgeles.com\/en\/wp-json\/wp\/v2\/types\/page"}],"author":[{"embeddable":true,"href":"https:\/\/www.delicessurgeles.com\/en\/wp-json\/wp\/v2\/users\/2"}],"replies":[{"embeddable":true,"href":"https:\/\/www.delicessurgeles.com\/en\/wp-json\/wp\/v2\/comments?post=2946"}],"version-history":[{"count":13,"href":"https:\/\/www.delicessurgeles.com\/en\/wp-json\/wp\/v2\/pages\/2946\/revisions"}],"predecessor-version":[{"id":3069,"href":"https:\/\/www.delicessurgeles.com\/en\/wp-json\/wp\/v2\/pages\/2946\/revisions\/3069"}],"up":[{"embeddable":true,"href":"https:\/\/www.delicessurgeles.com\/en\/wp-json\/wp\/v2\/pages\/2967"}],"wp:attachment":[{"href":"https:\/\/www.delicessurgeles.com\/en\/wp-json\/wp\/v2\/media?parent=2946"}],"curies":[{"name":"wp","href":"https:\/\/api.w.org\/{rel}","templated":true}]}}