{"id":2967,"date":"2017-11-03T15:59:52","date_gmt":"2017-11-03T14:59:52","guid":{"rendered":"https:\/\/www.delicessurgeles.com\/products\/"},"modified":"2025-11-04T14:20:30","modified_gmt":"2025-11-04T13:20:30","slug":"products","status":"publish","type":"page","link":"https:\/\/www.delicessurgeles.com\/en\/products\/","title":{"rendered":"Products"},"content":{"rendered":"<p>[vc_row content_layout=&#8221;boxed&#8221; equal_height=&#8221;&#8221; animation_delay=&#8221;&#8221; disable=&#8221;&#8221; id=&#8221;&#8221; class=&#8221;&#8221; bg_type=&#8221;image&#8221; bg_image=&#8221;&#8221; color_overlay=&#8221;&#8221; enable_parallax=&#8221;&#8221; enable_pattern=&#8221;&#8221;][vc_column layout=&#8221;normal&#8221; vertical_align=&#8221;auto&#8221; animation_delay=&#8221;&#8221; width=&#8221;5\/6&#8243;][vc_column_text]<\/p>\n<h3>Authentic Frozen Products &#8211; &#8220;Produit P\u00e9yi&#8221; label<\/h3>\n<p>&#8220;LES D\u00c9LICES SURGEL\u00c9S&#8221; offers a range of authentic frozen food products with the &#8220;produit p\u00e9yi&#8221; label, showcasing traditional Guadeloupean cuisine.<\/p>\n<p>Our products are distinguished by their simple, natural composition, made mainly from basic ingredients: wheat flour, water, salt and fat. Free from colorants and preservatives, they guarantee authentic quality and respect for traditional flavors.<\/p>\n<h4>Discover our Guadeloupean specialities<\/h4>\n<p>Our range of frozen foods includes :<\/p>\n<ul>\n<li><strong>Dombr\u00e9s<\/strong>: a Guadeloupean speciality made from flour dumplings, often accompanied by tasty sauces.<\/li>\n<li><strong>Bokit dough<\/strong>: ideal for making fried Guadeloupe sandwiches, topped as desired.<\/li>\n<li><strong>Pizza dough<\/strong>: to create authentic-tasting pizzas inspired by local flavors.<\/li>\n<li><strong>Puff pastry<\/strong>: for gourmet recipes, sweet or savoury.<\/li>\n<li><strong>Shortcrust Pastry<\/strong>: perfect for traditional tarts and quiches.<\/li>\n<\/ul>\n<p>Each of these specialties allows you to discover or rediscover the typical dishes of Guadeloupean cuisine, while offering the convenience of a ready-to-use frozen product.<\/p>\n<h4>The &#8220;Produit P\u00e9yi&#8221; label: a guarantee of authentic, local quality<\/h4>\n<p>The &#8220;Produit P\u00e9yi&#8221; label attests not only to the superior quality of our products, but also to their contribution to the development of the local agri-food industry. This label symbolizes the company&#8217;s commitment to preserving Guadeloupe&#8217;s culinary traditions and promoting local resources.<\/p>\n<p>Thanks to their deep-frozen packaging, our specialties enable us to export Guadeloupe&#8217;s culinary culture beyond the island&#8217;s borders, while supporting the regional economy. In this way, we offer consumers the opportunity to savor the authenticity of Guadeloupean cuisine, while helping to promote the local gastronomic heritage.[\/vc_column_text][\/vc_column][vc_column layout=&#8221;normal&#8221; vertical_align=&#8221;middle&#8221; animation_delay=&#8221;&#8221; width=&#8221;1\/6&#8243;]\t\t<div class=\"vu_image-box vu_ib-position-top clearfix\">\r\n\t\t\t\t\t<div class=\"vu_ib-image\">\r\n\t\t\t<img loading=\"lazy\" decoding=\"async\" width=\"368\" height=\"368\" src=\"https:\/\/www.delicessurgeles.com\/wp-content\/uploads\/2024\/07\/Produit-Peyi.png\" class=\"attachment-bakery_ratio-1:1 size-bakery_ratio-1:1\" alt=\"\" srcset=\"https:\/\/www.delicessurgeles.com\/wp-content\/uploads\/2024\/07\/Produit-Peyi.png 368w, https:\/\/www.delicessurgeles.com\/wp-content\/uploads\/2024\/07\/Produit-Peyi-300x300.png 300w, https:\/\/www.delicessurgeles.com\/wp-content\/uploads\/2024\/07\/Produit-Peyi-150x150.png 150w, https:\/\/www.delicessurgeles.com\/wp-content\/uploads\/2024\/07\/Produit-Peyi-100x100.png 100w\" sizes=\"auto, (max-width: 368px) 100vw, 368px\" \/>\t\t<\/div>\r\n\r\n\t\r\n\t\t\t<div class=\"vu_ib-content\">\r\n\t\t\t\t<h4 class=\"vu_ib-title\">\r\n\t\t\t\t\t\t\t\t\t<\/h4>\r\n\r\n\t\t\t\t<div class=\"vu_ib-description\"><p>Produit Local<\/p>\n<\/div>\r\n\t\t\t\t\t\t\t<\/div>\r\n\r\n\t\t\t\t\t<\/div>\r\n\t[\/vc_column][\/vc_row][vc_section content_layout=&#8221;full&#8221; animation_delay=&#8221;&#8221; disable=&#8221;&#8221; id=&#8221;&#8221; class=&#8221;&#8221; bg_type=&#8221;image&#8221; bg_image=&#8221;&#8221; color_overlay=&#8221;&#8221; enable_parallax=&#8221;&#8221; enable_pattern=&#8221;&#8221;][vc_row content_layout=&#8221;boxed&#8221; equal_height=&#8221;&#8221; animation_delay=&#8221;&#8221; disable=&#8221;&#8221; id=&#8221;&#8221; class=&#8221;&#8221; bg_type=&#8221;image&#8221; bg_image=&#8221;&#8221; color_overlay=&#8221;&#8221; enable_parallax=&#8221;&#8221; enable_pattern=&#8221;&#8221;][vc_column layout=&#8221;normal&#8221; vertical_align=&#8221;auto&#8221; animation_delay=&#8221;&#8221; width=&#8221;1\/3&#8243;]\t\t<article class=\"vu_product vu_p-style-5 clearfix\" itemscope itemtype=\"http:\/\/schema.org\/Product\">\n\t\t\t\t\t\t\t\t\t\t\t\t\n\t\t\t\t\t\t\t\t\t\t\t<div class=\"vu_p-image vu_lazy-load\" data-img=\"https:\/\/www.delicessurgeles.com\/wp-content\/uploads\/2024\/05\/pdt-dombres.jpg\" style=\"background-size: contain;\">\n\t\t\t\t\t\t\t<span><img loading=\"lazy\" decoding=\"async\" width=\"600\" height=\"600\" src=\"https:\/\/www.delicessurgeles.com\/wp-content\/uploads\/2024\/05\/pdt-dombres.jpg\" class=\"attachment-bakery_ratio-1:1 size-bakery_ratio-1:1\" alt=\"\" itemprop=\"image\" srcset=\"https:\/\/www.delicessurgeles.com\/wp-content\/uploads\/2024\/05\/pdt-dombres.jpg 600w, https:\/\/www.delicessurgeles.com\/wp-content\/uploads\/2024\/05\/pdt-dombres-300x300.jpg 300w, https:\/\/www.delicessurgeles.com\/wp-content\/uploads\/2024\/05\/pdt-dombres-150x150.jpg 150w, https:\/\/www.delicessurgeles.com\/wp-content\/uploads\/2024\/05\/pdt-dombres-100x100.jpg 100w\" sizes=\"auto, (max-width: 600px) 100vw, 600px\" \/><\/span>\n\t\t\t\t\t\t<\/div>\n\t\t\t\t\t\t\t\t\t\t\t\t\n\t\t\t<div class=\"vu_p-content\">\n\t\t\t\t\t\t\t\t\t<div class=\"vu_p-icons\">\n\t\t\t\t\t\t\t\t\t\t\t\t\t<a href=\"https:\/\/www.delicessurgeles.com\/wp-content\/uploads\/2024\/05\/pdt-dombres.jpg\" title=\"Dombr\u00e9s\" class=\"vu_p-icon vu_lightbox\"><i class=\"fas fa-search\"><\/i><\/a>\n\t\t\t\t\t\t\n\t\t\t\t\t\t\t\t\t\t\t<\/div>\n\t\t\t\t\n\t\t\t\t\t\t\t\t\t<h3 class=\"vu_p-name\" itemprop=\"name\"><a href=\"https:\/\/www.delicessurgeles.com\/en\/products\/dombres\/\" title=\"Dombr\u00e9s\" target=\"_self\">Dombr\u00e9s<\/a><\/h3>\n\t\t\t\t\n\t\t\t\t\n\t\t\t\t\t\t\t<\/div>\n\t\t<\/article>\n\t[\/vc_column][vc_column layout=&#8221;normal&#8221; vertical_align=&#8221;auto&#8221; animation_delay=&#8221;&#8221; width=&#8221;1\/3&#8243;]\t\t<article class=\"vu_product vu_p-style-5 clearfix\" itemscope itemtype=\"http:\/\/schema.org\/Product\">\n\t\t\t\t\t\t\t\t\t\t\t\t\n\t\t\t\t\t\t\t\t\t\t\t<div class=\"vu_p-image vu_lazy-load\" data-img=\"https:\/\/www.delicessurgeles.com\/wp-content\/uploads\/2024\/05\/pdt-bokits.jpg\" style=\"background-size: contain;\">\n\t\t\t\t\t\t\t<span><img loading=\"lazy\" decoding=\"async\" width=\"600\" height=\"600\" src=\"https:\/\/www.delicessurgeles.com\/wp-content\/uploads\/2024\/05\/pdt-bokits.jpg\" class=\"attachment-bakery_ratio-1:1 size-bakery_ratio-1:1\" alt=\"Bokit\" itemprop=\"image\" srcset=\"https:\/\/www.delicessurgeles.com\/wp-content\/uploads\/2024\/05\/pdt-bokits.jpg 600w, https:\/\/www.delicessurgeles.com\/wp-content\/uploads\/2024\/05\/pdt-bokits-300x300.jpg 300w, https:\/\/www.delicessurgeles.com\/wp-content\/uploads\/2024\/05\/pdt-bokits-150x150.jpg 150w, https:\/\/www.delicessurgeles.com\/wp-content\/uploads\/2024\/05\/pdt-bokits-100x100.jpg 100w\" sizes=\"auto, (max-width: 600px) 100vw, 600px\" \/><\/span>\n\t\t\t\t\t\t<\/div>\n\t\t\t\t\t\t\t\t\t\t\t\t\n\t\t\t<div class=\"vu_p-content\">\n\t\t\t\t\t\t\t\t\t<div class=\"vu_p-icons\">\n\t\t\t\t\t\t\t\t\t\t\t\t\t<a href=\"https:\/\/www.delicessurgeles.com\/wp-content\/uploads\/2024\/05\/pdt-bokits.jpg\" title=\"Bokit Dough\" class=\"vu_p-icon vu_lightbox\"><i class=\"fas fa-search\"><\/i><\/a>\n\t\t\t\t\t\t\n\t\t\t\t\t\t\t\t\t\t\t<\/div>\n\t\t\t\t\n\t\t\t\t\t\t\t\t\t<h3 class=\"vu_p-name\" itemprop=\"name\"><a href=\"https:\/\/www.delicessurgeles.com\/en\/products\/bokit-dough\/\" title=\"Bokit Dough\" target=\"_self\">Bokit Dough<\/a><\/h3>\n\t\t\t\t\n\t\t\t\t\n\t\t\t\t\t\t\t<\/div>\n\t\t<\/article>\n\t[\/vc_column][vc_column layout=&#8221;normal&#8221; vertical_align=&#8221;auto&#8221; animation_delay=&#8221;&#8221; width=&#8221;1\/3&#8243;]\t\t<article class=\"vu_product vu_p-style-5 clearfix\" itemscope itemtype=\"http:\/\/schema.org\/Product\">\n\t\t\t\t\t\t\t\t\t\t\t\t\n\t\t\t\t\t\t\t\t\t\t\t<div class=\"vu_p-image vu_lazy-load\" data-img=\"https:\/\/www.delicessurgeles.com\/wp-content\/uploads\/2024\/05\/pdt-pizza.jpg\" style=\"background-size: contain;\">\n\t\t\t\t\t\t\t<span><img loading=\"lazy\" decoding=\"async\" width=\"600\" height=\"600\" src=\"https:\/\/www.delicessurgeles.com\/wp-content\/uploads\/2024\/05\/pdt-pizza.jpg\" class=\"attachment-bakery_ratio-1:1 size-bakery_ratio-1:1\" alt=\"Pizza\" itemprop=\"image\" srcset=\"https:\/\/www.delicessurgeles.com\/wp-content\/uploads\/2024\/05\/pdt-pizza.jpg 600w, https:\/\/www.delicessurgeles.com\/wp-content\/uploads\/2024\/05\/pdt-pizza-300x300.jpg 300w, https:\/\/www.delicessurgeles.com\/wp-content\/uploads\/2024\/05\/pdt-pizza-150x150.jpg 150w, https:\/\/www.delicessurgeles.com\/wp-content\/uploads\/2024\/05\/pdt-pizza-100x100.jpg 100w\" sizes=\"auto, (max-width: 600px) 100vw, 600px\" \/><\/span>\n\t\t\t\t\t\t<\/div>\n\t\t\t\t\t\t\t\t\t\t\t\t\n\t\t\t<div class=\"vu_p-content\">\n\t\t\t\t\t\t\t\t\t<div class=\"vu_p-icons\">\n\t\t\t\t\t\t\t\t\t\t\t\t\t<a href=\"https:\/\/www.delicessurgeles.com\/wp-content\/uploads\/2024\/05\/pdt-pizza.jpg\" title=\"Pizza Dough\" class=\"vu_p-icon vu_lightbox\"><i class=\"fas fa-search\"><\/i><\/a>\n\t\t\t\t\t\t\n\t\t\t\t\t\t\t\t\t\t\t<\/div>\n\t\t\t\t\n\t\t\t\t\t\t\t\t\t<h3 class=\"vu_p-name\" itemprop=\"name\"><a href=\"https:\/\/www.delicessurgeles.com\/en\/products\/pizza-dough\/\" title=\"Pizza Dough\" target=\"_self\">Pizza Dough<\/a><\/h3>\n\t\t\t\t\n\t\t\t\t\n\t\t\t\t\t\t\t<\/div>\n\t\t<\/article>\n\t[\/vc_column][\/vc_row][vc_row content_layout=&#8221;boxed&#8221; equal_height=&#8221;&#8221; animation_delay=&#8221;&#8221; disable=&#8221;&#8221; id=&#8221;&#8221; class=&#8221;&#8221; bg_type=&#8221;image&#8221; bg_image=&#8221;&#8221; color_overlay=&#8221;&#8221; enable_parallax=&#8221;&#8221; enable_pattern=&#8221;&#8221;][vc_column layout=&#8221;normal&#8221; vertical_align=&#8221;auto&#8221; animation_delay=&#8221;&#8221; width=&#8221;1\/3&#8243;]\t\t<article class=\"vu_product vu_p-style-5 clearfix\" itemscope itemtype=\"http:\/\/schema.org\/Product\">\n\t\t\t\t\t\t\t\t\t\t\t\t\n\t\t\t\t\t\t\t\t\t\t\t<div class=\"vu_p-image vu_lazy-load\" data-img=\"https:\/\/www.delicessurgeles.com\/wp-content\/uploads\/2024\/05\/pdt-pate-brisee.jpg\" style=\"background-size: contain;\">\n\t\t\t\t\t\t\t<span><img loading=\"lazy\" decoding=\"async\" width=\"600\" height=\"600\" src=\"https:\/\/www.delicessurgeles.com\/wp-content\/uploads\/2024\/05\/pdt-pate-brisee.jpg\" class=\"attachment-bakery_ratio-1:1 size-bakery_ratio-1:1\" alt=\"P\u00e2te bris\u00e9e\" itemprop=\"image\" srcset=\"https:\/\/www.delicessurgeles.com\/wp-content\/uploads\/2024\/05\/pdt-pate-brisee.jpg 600w, https:\/\/www.delicessurgeles.com\/wp-content\/uploads\/2024\/05\/pdt-pate-brisee-300x300.jpg 300w, https:\/\/www.delicessurgeles.com\/wp-content\/uploads\/2024\/05\/pdt-pate-brisee-150x150.jpg 150w, https:\/\/www.delicessurgeles.com\/wp-content\/uploads\/2024\/05\/pdt-pate-brisee-100x100.jpg 100w\" sizes=\"auto, (max-width: 600px) 100vw, 600px\" \/><\/span>\n\t\t\t\t\t\t<\/div>\n\t\t\t\t\t\t\t\t\t\t\t\t\n\t\t\t<div class=\"vu_p-content\">\n\t\t\t\t\t\t\t\t\t<div class=\"vu_p-icons\">\n\t\t\t\t\t\t\t\t\t\t\t\t\t<a href=\"https:\/\/www.delicessurgeles.com\/wp-content\/uploads\/2024\/05\/pdt-pate-brisee.jpg\" title=\"Shortcrust Pastry\" class=\"vu_p-icon vu_lightbox\"><i class=\"fas fa-search\"><\/i><\/a>\n\t\t\t\t\t\t\n\t\t\t\t\t\t\t\t\t\t\t<\/div>\n\t\t\t\t\n\t\t\t\t\t\t\t\t\t<h3 class=\"vu_p-name\" itemprop=\"name\"><a href=\"https:\/\/www.delicessurgeles.com\/en\/products\/shortcrust-pastry\/\" title=\"Shortcrust Pastry\" target=\"_self\">Shortcrust Pastry<\/a><\/h3>\n\t\t\t\t\n\t\t\t\t\n\t\t\t\t\t\t\t<\/div>\n\t\t<\/article>\n\t[\/vc_column][vc_column layout=&#8221;normal&#8221; vertical_align=&#8221;auto&#8221; animation_delay=&#8221;&#8221; width=&#8221;1\/3&#8243;]\t\t<article class=\"vu_product vu_p-style-5 clearfix\" itemscope itemtype=\"http:\/\/schema.org\/Product\">\n\t\t\t\t\t\t\t\t\t\t\t\t\n\t\t\t\t\t\t\t\t\t\t\t<div class=\"vu_p-image vu_lazy-load\" data-img=\"https:\/\/www.delicessurgeles.com\/wp-content\/uploads\/2024\/05\/pdt-pate-feuilletee.jpg\" style=\"background-size: contain;\">\n\t\t\t\t\t\t\t<span><img loading=\"lazy\" decoding=\"async\" width=\"600\" height=\"600\" src=\"https:\/\/www.delicessurgeles.com\/wp-content\/uploads\/2024\/05\/pdt-pate-feuilletee.jpg\" class=\"attachment-bakery_ratio-1:1 size-bakery_ratio-1:1\" alt=\"P\u00e2te feuillet\u00e9e\" itemprop=\"image\" srcset=\"https:\/\/www.delicessurgeles.com\/wp-content\/uploads\/2024\/05\/pdt-pate-feuilletee.jpg 600w, https:\/\/www.delicessurgeles.com\/wp-content\/uploads\/2024\/05\/pdt-pate-feuilletee-300x300.jpg 300w, https:\/\/www.delicessurgeles.com\/wp-content\/uploads\/2024\/05\/pdt-pate-feuilletee-150x150.jpg 150w, https:\/\/www.delicessurgeles.com\/wp-content\/uploads\/2024\/05\/pdt-pate-feuilletee-100x100.jpg 100w\" sizes=\"auto, (max-width: 600px) 100vw, 600px\" \/><\/span>\n\t\t\t\t\t\t<\/div>\n\t\t\t\t\t\t\t\t\t\t\t\t\n\t\t\t<div class=\"vu_p-content\">\n\t\t\t\t\t\t\t\t\t<div class=\"vu_p-icons\">\n\t\t\t\t\t\t\t\t\t\t\t\t\t<a href=\"https:\/\/www.delicessurgeles.com\/wp-content\/uploads\/2024\/05\/pdt-pate-feuilletee.jpg\" title=\"Puff Pastry\" class=\"vu_p-icon vu_lightbox\"><i class=\"fas fa-search\"><\/i><\/a>\n\t\t\t\t\t\t\n\t\t\t\t\t\t\t\t\t\t\t<\/div>\n\t\t\t\t\n\t\t\t\t\t\t\t\t\t<h3 class=\"vu_p-name\" itemprop=\"name\"><a href=\"https:\/\/www.delicessurgeles.com\/en\/products\/puff-pastry\/\" title=\"Puff Pastry\" target=\"_self\">Puff Pastry<\/a><\/h3>\n\t\t\t\t\n\t\t\t\t\n\t\t\t\t\t\t\t<\/div>\n\t\t<\/article>\n\t[\/vc_column][vc_column layout=&#8221;normal&#8221; vertical_align=&#8221;auto&#8221; animation_delay=&#8221;&#8221; width=&#8221;1\/3&#8243;][\/vc_column][\/vc_row][\/vc_section][vc_row content_layout=&#8221;boxed&#8221; equal_height=&#8221;&#8221; animation_delay=&#8221;&#8221; disable=&#8221;true&#8221; id=&#8221;&#8221; class=&#8221;&#8221; bg_type=&#8221;image&#8221; bg_image=&#8221;&#8221; color_overlay=&#8221;&#8221; enable_parallax=&#8221;&#8221; enable_pattern=&#8221;&#8221;][vc_column layout=&#8221;normal&#8221; vertical_align=&#8221;auto&#8221; animation_delay=&#8221;&#8221;][\/vc_column][\/vc_row]<\/p>\n","protected":false},"excerpt":{"rendered":"<p>[vc_row content_layout=&#8221;boxed&#8221; equal_height=&#8221;&#8221; animation_delay=&#8221;&#8221; disable=&#8221;&#8221; id=&#8221;&#8221; class=&#8221;&#8221; bg_type=&#8221;image&#8221; bg_image=&#8221;&#8221; color_overlay=&#8221;&#8221; enable_parallax=&#8221;&#8221; enable_pattern=&#8221;&#8221;][vc_column layout=&#8221;normal&#8221; vertical_align=&#8221;auto&#8221; animation_delay=&#8221;&#8221; width=&#8221;5\/6&#8243;][vc_column_text] Authentic Frozen Products &#8211; &#8220;Produit P\u00e9yi&#8221; label &#8220;LES D\u00c9LICES SURGEL\u00c9S&#8221; offers a range of authentic frozen food products with the &#8220;produit p\u00e9yi&#8221; label, showcasing traditional Guadeloupean cuisine. Our products are distinguished by their simple, natural composition, made mainly from [&hellip;]<\/p>\n","protected":false},"author":2,"featured_media":0,"parent":0,"menu_order":0,"comment_status":"closed","ping_status":"closed","template":"","meta":{"footnotes":""},"class_list":["post-2967","page","type-page","status-publish","hentry"],"yoast_head":"<!-- This site is optimized with the Yoast SEO Premium plugin v22.8 (Yoast SEO v24.4) - https:\/\/yoast.com\/wordpress\/plugins\/seo\/ -->\n<title>Authentic frozen products - Produit P\u00e9yi | Les D\u00e9lices Surgel\u00e9s<\/title>\n<meta name=\"description\" content=\"Discover our authentic frozen products with the &#039;Produit P\u00e9yi&#039; label: dombr\u00e9s, bokit dough, pizza, puff pastry and shortcrust pastry. 100% Guadeloupean flavors.\" \/>\n<meta name=\"robots\" content=\"index, follow, max-snippet:-1, max-image-preview:large, max-video-preview:-1\" \/>\n<link rel=\"canonical\" href=\"https:\/\/www.delicessurgeles.com\/en\/products\/\" \/>\n<meta property=\"og:locale\" content=\"en_US\" \/>\n<meta property=\"og:type\" content=\"article\" \/>\n<meta property=\"og:title\" content=\"Products\" \/>\n<meta property=\"og:description\" content=\"Discover our authentic frozen products with the &#039;Produit P\u00e9yi&#039; label: dombr\u00e9s, bokit dough, pizza, puff pastry and shortcrust pastry. 100% Guadeloupean flavors.\" \/>\n<meta property=\"og:url\" content=\"https:\/\/www.delicessurgeles.com\/en\/products\/\" \/>\n<meta property=\"og:site_name\" content=\"Les D\u00e9lices Surgel\u00e9s\" \/>\n<meta property=\"article:modified_time\" content=\"2025-11-04T13:20:30+00:00\" \/>\n<meta name=\"twitter:card\" content=\"summary_large_image\" \/>\n<meta name=\"twitter:label1\" content=\"Est. reading time\" \/>\n\t<meta name=\"twitter:data1\" content=\"3 minutes\" \/>\n<!-- \/ Yoast SEO Premium plugin. -->","yoast_head_json":{"title":"Authentic frozen products - Produit P\u00e9yi | Les D\u00e9lices Surgel\u00e9s","description":"Discover our authentic frozen products with the 'Produit P\u00e9yi' label: dombr\u00e9s, bokit dough, pizza, puff pastry and shortcrust pastry. 100% Guadeloupean flavors.","robots":{"index":"index","follow":"follow","max-snippet":"max-snippet:-1","max-image-preview":"max-image-preview:large","max-video-preview":"max-video-preview:-1"},"canonical":"https:\/\/www.delicessurgeles.com\/en\/products\/","og_locale":"en_US","og_type":"article","og_title":"Products","og_description":"Discover our authentic frozen products with the 'Produit P\u00e9yi' label: dombr\u00e9s, bokit dough, pizza, puff pastry and shortcrust pastry. 100% Guadeloupean flavors.","og_url":"https:\/\/www.delicessurgeles.com\/en\/products\/","og_site_name":"Les D\u00e9lices Surgel\u00e9s","article_modified_time":"2025-11-04T13:20:30+00:00","twitter_card":"summary_large_image","twitter_misc":{"Est. reading time":"3 minutes"},"schema":{"@context":"https:\/\/schema.org","@graph":[{"@type":"WebPage","@id":"https:\/\/www.delicessurgeles.com\/en\/products\/","url":"https:\/\/www.delicessurgeles.com\/en\/products\/","name":"Authentic frozen products - Produit P\u00e9yi | Les D\u00e9lices Surgel\u00e9s","isPartOf":{"@id":"https:\/\/www.delicessurgeles.com\/en\/#website"},"datePublished":"2017-11-03T14:59:52+00:00","dateModified":"2025-11-04T13:20:30+00:00","description":"Discover our authentic frozen products with the 'Produit P\u00e9yi' label: dombr\u00e9s, bokit dough, pizza, puff pastry and shortcrust pastry. 100% Guadeloupean flavors.","breadcrumb":{"@id":"https:\/\/www.delicessurgeles.com\/en\/products\/#breadcrumb"},"inLanguage":"en-US","potentialAction":[{"@type":"ReadAction","target":["https:\/\/www.delicessurgeles.com\/en\/products\/"]}]},{"@type":"BreadcrumbList","@id":"https:\/\/www.delicessurgeles.com\/en\/products\/#breadcrumb","itemListElement":[{"@type":"ListItem","position":1,"name":"Accueil","item":"https:\/\/www.delicessurgeles.com\/en\/home\/"},{"@type":"ListItem","position":2,"name":"Products"}]},{"@type":"WebSite","@id":"https:\/\/www.delicessurgeles.com\/en\/#website","url":"https:\/\/www.delicessurgeles.com\/en\/","name":"Les D\u00e9lices Surgel\u00e9s","description":"Dombr\u00e9s, p\u00e2tes \u00e0 pizza, bokit, feuillet\u00e9es &amp; bris\u00e9es","publisher":{"@id":"https:\/\/www.delicessurgeles.com\/en\/#organization"},"potentialAction":[{"@type":"SearchAction","target":{"@type":"EntryPoint","urlTemplate":"https:\/\/www.delicessurgeles.com\/en\/?s={search_term_string}"},"query-input":{"@type":"PropertyValueSpecification","valueRequired":true,"valueName":"search_term_string"}}],"inLanguage":"en-US"},{"@type":"Organization","@id":"https:\/\/www.delicessurgeles.com\/en\/#organization","name":"Les D\u00e9lices Surgel\u00e9s","url":"https:\/\/www.delicessurgeles.com\/en\/","logo":{"@type":"ImageObject","inLanguage":"en-US","@id":"https:\/\/www.delicessurgeles.com\/en\/#\/schema\/logo\/image\/","url":"https:\/\/www.delicessurgeles.com\/wp-content\/uploads\/2024\/05\/logo-inv-delices-surgeles-site.png","contentUrl":"https:\/\/www.delicessurgeles.com\/wp-content\/uploads\/2024\/05\/logo-inv-delices-surgeles-site.png","width":2173,"height":420,"caption":"Les D\u00e9lices Surgel\u00e9s"},"image":{"@id":"https:\/\/www.delicessurgeles.com\/en\/#\/schema\/logo\/image\/"}}]}},"_links":{"self":[{"href":"https:\/\/www.delicessurgeles.com\/en\/wp-json\/wp\/v2\/pages\/2967","targetHints":{"allow":["GET"]}}],"collection":[{"href":"https:\/\/www.delicessurgeles.com\/en\/wp-json\/wp\/v2\/pages"}],"about":[{"href":"https:\/\/www.delicessurgeles.com\/en\/wp-json\/wp\/v2\/types\/page"}],"author":[{"embeddable":true,"href":"https:\/\/www.delicessurgeles.com\/en\/wp-json\/wp\/v2\/users\/2"}],"replies":[{"embeddable":true,"href":"https:\/\/www.delicessurgeles.com\/en\/wp-json\/wp\/v2\/comments?post=2967"}],"version-history":[{"count":22,"href":"https:\/\/www.delicessurgeles.com\/en\/wp-json\/wp\/v2\/pages\/2967\/revisions"}],"predecessor-version":[{"id":3067,"href":"https:\/\/www.delicessurgeles.com\/en\/wp-json\/wp\/v2\/pages\/2967\/revisions\/3067"}],"wp:attachment":[{"href":"https:\/\/www.delicessurgeles.com\/en\/wp-json\/wp\/v2\/media?parent=2967"}],"curies":[{"name":"wp","href":"https:\/\/api.w.org\/{rel}","templated":true}]}}