{"id":2970,"date":"2017-11-01T13:12:40","date_gmt":"2017-11-01T12:12:40","guid":{"rendered":"https:\/\/www.delicessurgeles.com\/contact\/"},"modified":"2025-02-05T17:55:58","modified_gmt":"2025-02-05T16:55:58","slug":"contact","status":"publish","type":"page","link":"https:\/\/www.delicessurgeles.com\/en\/contact\/","title":{"rendered":"Contact"},"content":{"rendered":"<p>[vc_section content_layout=&#8221;full&#8221; animation_delay=&#8221;&#8221; disable=&#8221;&#8221; id=&#8221;&#8221; class=&#8221;&#8221; bg_type=&#8221;image&#8221; bg_image=&#8221;&#8221; color_overlay=&#8221;&#8221; enable_parallax=&#8221;&#8221; enable_pattern=&#8221;&#8221;][\/vc_section][vc_section content_layout=&#8221;boxed&#8221; animation_delay=&#8221;&#8221; disable=&#8221;&#8221; id=&#8221;&#8221; class=&#8221;&#8221; bg_type=&#8221;image&#8221; bg_image=&#8221;&#8221; color_overlay=&#8221;&#8221; enable_parallax=&#8221;&#8221; enable_pattern=&#8221;&#8221; css=&#8221;.vc_custom_1512405225568{margin-bottom: 20px !important;}&#8221;][vc_row content_layout=&#8221;boxed&#8221; equal_height=&#8221;&#8221; animation_delay=&#8221;&#8221; disable=&#8221;&#8221; id=&#8221;&#8221; class=&#8221;&#8221; bg_type=&#8221;image&#8221; bg_image=&#8221;&#8221; color_overlay=&#8221;&#8221; enable_parallax=&#8221;&#8221; enable_pattern=&#8221;&#8221;][vc_column layout=&#8221;normal&#8221; vertical_align=&#8221;auto&#8221; animation_delay=&#8221;&#8221; width=&#8221;1\/3&#8243;][vc_column_text el_class=&#8221;m-b-20&#8243;]<\/p>\n<h4 class=\"fs-15 m-t-30 m-b-0\">CONTACT US DIRECTLY<\/h4>\n<p>[\/vc_column_text][vc_column_text css=&#8221;.vc_custom_1719079648717{margin-bottom: 30px !important;}&#8221;]Do you have any questions or need assistance?<\/p>\n<p>Our team is at your disposal to answer all your questions.<\/p>\n<p>Whether you want to find out more about our products, get preparation advice, or place an order, we&#8217;re here to help.<\/p>\n<p><strong>GUADELOUPE<\/strong><\/p>\n<p class=\"vu_with-icon\"><i class=\"fa fa-map-marker\"><\/i>  176 rue de la Cascade Vauchelet &#8211; 97120 Saint-Claude<\/p>\n<p class=\"vu_with-icon\"><i class=\"fa fa-phone\"><\/i>  +590 590 80 00 22<\/p>\n<p class=\"vu_with-icon\"><i class=\"fa fa-clock-o\"><\/i>  Monday &#8211; Friday: 6:30 &#8211; 17:00<\/p>\n<p>[\/vc_column_text][\/vc_column][vc_column layout=&#8221;normal&#8221; vertical_align=&#8221;auto&#8221; animation_delay=&#8221;&#8221; width=&#8221;2\/3&#8243;][vc_column_text el_class=&#8221;m-b-25&#8243;]<\/p>\n<h4 class=\"fs-15 m-t-30 m-b-0\">LEAVE US A MESSAGE<\/h4>\n<p>[\/vc_column_text]\t\t<div class=\"vu_contact-form-7 vu_cf7-style-default clearfix \">\r\n\t\t\t\r\n\t\t\t\n<div class=\"wpcf7 no-js\" id=\"wpcf7-f2950-o1\" lang=\"en-US\" dir=\"ltr\" data-wpcf7-id=\"2950\">\n<div class=\"screen-reader-response\"><p role=\"status\" aria-live=\"polite\" aria-atomic=\"true\"><\/p> <ul><\/ul><\/div>\n<form action=\"\/en\/wp-json\/wp\/v2\/pages\/2970#wpcf7-f2950-o1\" method=\"post\" class=\"wpcf7-form init vu_cf7-frm\" aria-label=\"Contact form\" novalidate=\"novalidate\" data-status=\"init\">\n<div style=\"display: none;\">\n<input type=\"hidden\" name=\"_wpcf7\" value=\"2950\" \/>\n<input type=\"hidden\" name=\"_wpcf7_version\" value=\"6.0.3\" \/>\n<input type=\"hidden\" name=\"_wpcf7_locale\" value=\"en_US\" \/>\n<input type=\"hidden\" name=\"_wpcf7_unit_tag\" value=\"wpcf7-f2950-o1\" \/>\n<input type=\"hidden\" name=\"_wpcf7_container_post\" value=\"0\" \/>\n<input type=\"hidden\" name=\"_wpcf7_posted_data_hash\" value=\"\" \/>\n<input type=\"hidden\" name=\"_wpcf7_recaptcha_response\" value=\"\" \/>\n<\/div>\n<div class=\"row\">\n\t<div class=\"col-xs-6 m-b-15\">\n\t\t<p><span class=\"wpcf7-form-control-wrap\" data-name=\"first-name\"><input size=\"40\" maxlength=\"400\" class=\"wpcf7-form-control wpcf7-text wpcf7-validates-as-required form-control m-b-5\" aria-required=\"true\" aria-invalid=\"false\" placeholder=\"First name\" value=\"\" type=\"text\" name=\"first-name\" \/><\/span>\n\t\t<\/p>\n\t<\/div>\n\t<div class=\"col-xs-6 m-b-15\">\n\t\t<p><span class=\"wpcf7-form-control-wrap\" data-name=\"last-name\"><input size=\"40\" maxlength=\"400\" class=\"wpcf7-form-control wpcf7-text wpcf7-validates-as-required form-control m-b-5\" aria-required=\"true\" aria-invalid=\"false\" placeholder=\"Name\" value=\"\" type=\"text\" name=\"last-name\" \/><\/span>\n\t\t<\/p>\n\t<\/div>\n<\/div>\n<div class=\"row\">\n\t<div class=\"col-xs-6 m-b-15\">\n\t\t<p><span class=\"wpcf7-form-control-wrap\" data-name=\"phone\"><input size=\"40\" maxlength=\"400\" class=\"wpcf7-form-control wpcf7-tel wpcf7-validates-as-required wpcf7-text wpcf7-validates-as-tel form-control m-b-5\" aria-required=\"true\" aria-invalid=\"false\" placeholder=\"Phone\" value=\"\" type=\"tel\" name=\"phone\" \/><\/span>\n\t\t<\/p>\n\t<\/div>\n\t<div class=\"col-xs-6 m-b-15\">\n\t\t<p><span class=\"wpcf7-form-control-wrap\" data-name=\"email\"><input size=\"40\" maxlength=\"400\" class=\"wpcf7-form-control wpcf7-email wpcf7-validates-as-required wpcf7-text wpcf7-validates-as-email form-control m-b-5\" aria-required=\"true\" aria-invalid=\"false\" placeholder=\"Email\" value=\"\" type=\"email\" name=\"email\" \/><\/span>\n\t\t<\/p>\n\t<\/div>\n<\/div>\n<div class=\"row\">\n\t<div class=\"col-xs-12 m-b-15\">\n\t\t<p><span class=\"wpcf7-form-control-wrap\" data-name=\"subject\"><input size=\"40\" maxlength=\"400\" class=\"wpcf7-form-control wpcf7-text wpcf7-validates-as-required form-control m-b-5\" aria-required=\"true\" aria-invalid=\"false\" placeholder=\"Subject\" value=\"\" type=\"text\" name=\"subject\" \/><\/span>\n\t\t<\/p>\n\t<\/div>\n<\/div>\n<div class=\"row\">\n\t<div class=\"col-xs-12 m-b-15\">\n\t\t<p><span class=\"wpcf7-form-control-wrap\" data-name=\"message\"><textarea cols=\"40\" rows=\"7\" maxlength=\"2000\" class=\"wpcf7-form-control wpcf7-textarea wpcf7-validates-as-required form-control m-b-5\" aria-required=\"true\" aria-invalid=\"false\" placeholder=\"Message\" name=\"message\"><\/textarea><\/span>\n\t\t<\/p>\n\t<\/div>\n<\/div>\n<div class=\"row\">\n\t<div class=\"col-xs-12 text-right\">\n\t\t<p><input class=\"wpcf7-form-control wpcf7-submit has-spinner btn btn-primary btn-sm btn-inverse btn-round\" type=\"submit\" value=\"SEND\" \/>\n\t\t<\/p>\n\t<\/div>\n<\/div><div class=\"wpcf7-response-output\" aria-hidden=\"true\"><\/div>\n<\/form>\n<\/div>\n\t\t<\/div>\r\n\t[\/vc_column][\/vc_row][\/vc_section][vc_section content_layout=&#8221;full&#8221; animation_delay=&#8221;&#8221; disable=&#8221;&#8221; id=&#8221;&#8221; class=&#8221;&#8221; bg_type=&#8221;image&#8221; bg_image=&#8221;&#8221; color_overlay=&#8221;&#8221; enable_parallax=&#8221;&#8221; enable_pattern=&#8221;&#8221; css=&#8221;.vc_custom_1512404770854{background-color: #f7f7f7 !important;}&#8221;][vc_row content_layout=&#8221;boxed&#8221; equal_height=&#8221;&#8221; animation_delay=&#8221;&#8221; disable=&#8221;&#8221; id=&#8221;&#8221; class=&#8221;&#8221; bg_type=&#8221;image&#8221; bg_image=&#8221;&#8221; color_overlay=&#8221;&#8221; enable_parallax=&#8221;&#8221; enable_pattern=&#8221;&#8221;][vc_column layout=&#8221;normal&#8221; vertical_align=&#8221;auto&#8221; animation_delay=&#8221;&#8221;]\t\t<header class=\"vu_heading vu_h-style-1 vu_h-alignment-center\">\r\n\t\t\t\r\n\t\t\t<h2 class=\"vu_h-heading\"><span>Our offices<\/span><\/h2>\r\n\r\n\t\t\t\t\t\t\t<div class=\"vu_h-subheading\">\r\n\t\t\t\t\t<p>As part of Guadeloupe's culinary heritage, we're still here.<\/p>\n\t\t\t\t<\/div>\r\n\t\t\t\t\t<\/header>\r\n\t[\/vc_column][\/vc_row][vc_row content_layout=&#8221;boxed&#8221; equal_height=&#8221;&#8221; animation_delay=&#8221;&#8221; disable=&#8221;&#8221; id=&#8221;&#8221; class=&#8221;&#8221; bg_type=&#8221;image&#8221; bg_image=&#8221;&#8221; color_overlay=&#8221;&#8221; enable_parallax=&#8221;&#8221; enable_pattern=&#8221;&#8221; css=&#8221;.vc_custom_1512405210811{margin-bottom: 40px !important;}&#8221;][vc_column layout=&#8221;normal&#8221; vertical_align=&#8221;auto&#8221; animation_delay=&#8221;&#8221;]\t\t<div class=\"vu_carousel-container\">\r\n\t\t\t\r\n\t\t\t<div class=\"vu_carousel clearfix m-b-0\" data-options=\"{&quot;singleItem&quot;:false,&quot;itemsScaleUp&quot;:false,&quot;addClassActive&quot;:true,&quot;navigationText&quot;:[&quot;&lt;i class=\\&quot;fa fa-arrow-left\\&quot; aria-hidden=\\&quot;true\\&quot;&gt;&lt;\\\/i&gt;&quot;,&quot;&lt;i class=\\&quot;fa fa-arrow-right\\&quot; aria-hidden=\\&quot;true\\&quot;&gt;&lt;\\\/i&gt;&quot;],&quot;autoHeight&quot;:true,&quot;items&quot;:4,&quot;itemsDesktop&quot;:[1199,4],&quot;itemsDesktopSmall&quot;:[980,3],&quot;itemsTablet&quot;:[768,2],&quot;itemsMobile&quot;:[479,1],&quot;slideSpeed&quot;:200,&quot;paginationSpeed&quot;:800,&quot;rewindSpeed&quot;:1000,&quot;autoPlay&quot;:5000,&quot;stopOnHover&quot;:true,&quot;navigation&quot;:false,&quot;rewindNav&quot;:true,&quot;scrollPerPage&quot;:false,&quot;pagination&quot;:true,&quot;paginationNumbers&quot;:false}\">\r\n\t\t\t\t\t\t<div class=\"vu_carousel-item\">\n\t\t\t[vc_column_text css=&#8221;.vc_custom_1719079992158{padding-top: 30px !important;padding-right: 30px !important;padding-bottom: 30px !important;padding-left: 30px !important;background-color: #ffffff !important;}&#8221;]<strong>GUADELOUPE<\/strong><\/p>\n<p class=\"vu_with-icon\"><i class=\"fa fa-map-marker\"><\/i>  176 rue de la Cascade Vauchelet<br \/>\n97120 Saint-Claude<\/p>\n<p class=\"vu_with-icon\"><i class=\"fa fa-phone\"><\/i>  +590 590 80 00 22<\/p>\n<p>[\/vc_column_text]\t\t<\/div>\n\t\t\t\t<\/div>\r\n\t\t<\/div>\r\n\t[\/vc_column][\/vc_row][\/vc_section]<\/p>\n","protected":false},"excerpt":{"rendered":"<p>[vc_section content_layout=&#8221;full&#8221; animation_delay=&#8221;&#8221; disable=&#8221;&#8221; id=&#8221;&#8221; class=&#8221;&#8221; bg_type=&#8221;image&#8221; bg_image=&#8221;&#8221; color_overlay=&#8221;&#8221; enable_parallax=&#8221;&#8221; enable_pattern=&#8221;&#8221;][\/vc_section][vc_section content_layout=&#8221;boxed&#8221; animation_delay=&#8221;&#8221; disable=&#8221;&#8221; id=&#8221;&#8221; class=&#8221;&#8221; bg_type=&#8221;image&#8221; bg_image=&#8221;&#8221; color_overlay=&#8221;&#8221; enable_parallax=&#8221;&#8221; enable_pattern=&#8221;&#8221; css=&#8221;.vc_custom_1512405225568{margin-bottom: 20px !important;}&#8221;][vc_row content_layout=&#8221;boxed&#8221; equal_height=&#8221;&#8221; animation_delay=&#8221;&#8221; disable=&#8221;&#8221; id=&#8221;&#8221; class=&#8221;&#8221; bg_type=&#8221;image&#8221; bg_image=&#8221;&#8221; color_overlay=&#8221;&#8221; enable_parallax=&#8221;&#8221; enable_pattern=&#8221;&#8221;][vc_column layout=&#8221;normal&#8221; vertical_align=&#8221;auto&#8221; animation_delay=&#8221;&#8221; width=&#8221;1\/3&#8243;][vc_column_text el_class=&#8221;m-b-20&#8243;] CONTACT US DIRECTLY [\/vc_column_text][vc_column_text css=&#8221;.vc_custom_1719079648717{margin-bottom: 30px !important;}&#8221;]Do you have any questions or need assistance? Our [&hellip;]<\/p>\n","protected":false},"author":2,"featured_media":0,"parent":0,"menu_order":0,"comment_status":"closed","ping_status":"closed","template":"","meta":{"footnotes":""},"class_list":["post-2970","page","type-page","status-publish","hentry"],"yoast_head":"<!-- This site is optimized with the Yoast SEO Premium plugin v22.8 (Yoast SEO v24.4) - https:\/\/yoast.com\/wordpress\/plugins\/seo\/ -->\n<title>Les D\u00e9lices Surgel\u00e9s - Contact<\/title>\n<meta name=\"description\" content=\"For more information about our products or to place an order, please contact us: +590 590 80 00 22 \/ Chemin Cascade Vauchelet - 97120 Saint-Claude Guadeloupe\" \/>\n<meta name=\"robots\" content=\"index, follow, max-snippet:-1, max-image-preview:large, max-video-preview:-1\" \/>\n<link rel=\"canonical\" href=\"https:\/\/www.delicessurgeles.com\/en\/contact\/\" \/>\n<meta property=\"og:locale\" content=\"en_US\" \/>\n<meta property=\"og:type\" content=\"article\" \/>\n<meta property=\"og:title\" content=\"Contact\" \/>\n<meta property=\"og:description\" content=\"For more information about our products or to place an order, please contact us: +590 590 80 00 22 \/ Chemin Cascade Vauchelet - 97120 Saint-Claude Guadeloupe\" \/>\n<meta property=\"og:url\" content=\"https:\/\/www.delicessurgeles.com\/en\/contact\/\" \/>\n<meta property=\"og:site_name\" content=\"Les D\u00e9lices Surgel\u00e9s\" \/>\n<meta property=\"article:modified_time\" content=\"2025-02-05T16:55:58+00:00\" \/>\n<meta name=\"twitter:card\" content=\"summary_large_image\" \/>\n<meta name=\"twitter:label1\" content=\"Est. reading time\" \/>\n\t<meta name=\"twitter:data1\" content=\"2 minutes\" \/>\n<!-- \/ Yoast SEO Premium plugin. -->","yoast_head_json":{"title":"Les D\u00e9lices Surgel\u00e9s - Contact","description":"For more information about our products or to place an order, please contact us: +590 590 80 00 22 \/ Chemin Cascade Vauchelet - 97120 Saint-Claude Guadeloupe","robots":{"index":"index","follow":"follow","max-snippet":"max-snippet:-1","max-image-preview":"max-image-preview:large","max-video-preview":"max-video-preview:-1"},"canonical":"https:\/\/www.delicessurgeles.com\/en\/contact\/","og_locale":"en_US","og_type":"article","og_title":"Contact","og_description":"For more information about our products or to place an order, please contact us: +590 590 80 00 22 \/ Chemin Cascade Vauchelet - 97120 Saint-Claude Guadeloupe","og_url":"https:\/\/www.delicessurgeles.com\/en\/contact\/","og_site_name":"Les D\u00e9lices Surgel\u00e9s","article_modified_time":"2025-02-05T16:55:58+00:00","twitter_card":"summary_large_image","twitter_misc":{"Est. reading time":"2 minutes"},"schema":{"@context":"https:\/\/schema.org","@graph":[{"@type":"WebPage","@id":"https:\/\/www.delicessurgeles.com\/en\/contact\/","url":"https:\/\/www.delicessurgeles.com\/en\/contact\/","name":"Les D\u00e9lices Surgel\u00e9s - Contact","isPartOf":{"@id":"https:\/\/www.delicessurgeles.com\/en\/#website"},"datePublished":"2017-11-01T12:12:40+00:00","dateModified":"2025-02-05T16:55:58+00:00","description":"For more information about our products or to place an order, please contact us: +590 590 80 00 22 \/ Chemin Cascade Vauchelet - 97120 Saint-Claude Guadeloupe","breadcrumb":{"@id":"https:\/\/www.delicessurgeles.com\/en\/contact\/#breadcrumb"},"inLanguage":"en-US","potentialAction":[{"@type":"ReadAction","target":["https:\/\/www.delicessurgeles.com\/en\/contact\/"]}]},{"@type":"BreadcrumbList","@id":"https:\/\/www.delicessurgeles.com\/en\/contact\/#breadcrumb","itemListElement":[{"@type":"ListItem","position":1,"name":"Accueil","item":"https:\/\/www.delicessurgeles.com\/en\/home\/"},{"@type":"ListItem","position":2,"name":"Contact"}]},{"@type":"WebSite","@id":"https:\/\/www.delicessurgeles.com\/en\/#website","url":"https:\/\/www.delicessurgeles.com\/en\/","name":"Les D\u00e9lices Surgel\u00e9s","description":"Dombr\u00e9s, p\u00e2tes \u00e0 pizza, bokit, feuillet\u00e9es &amp; bris\u00e9es","publisher":{"@id":"https:\/\/www.delicessurgeles.com\/en\/#organization"},"potentialAction":[{"@type":"SearchAction","target":{"@type":"EntryPoint","urlTemplate":"https:\/\/www.delicessurgeles.com\/en\/?s={search_term_string}"},"query-input":{"@type":"PropertyValueSpecification","valueRequired":true,"valueName":"search_term_string"}}],"inLanguage":"en-US"},{"@type":"Organization","@id":"https:\/\/www.delicessurgeles.com\/en\/#organization","name":"Les D\u00e9lices Surgel\u00e9s","url":"https:\/\/www.delicessurgeles.com\/en\/","logo":{"@type":"ImageObject","inLanguage":"en-US","@id":"https:\/\/www.delicessurgeles.com\/en\/#\/schema\/logo\/image\/","url":"https:\/\/www.delicessurgeles.com\/wp-content\/uploads\/2024\/05\/logo-inv-delices-surgeles-site.png","contentUrl":"https:\/\/www.delicessurgeles.com\/wp-content\/uploads\/2024\/05\/logo-inv-delices-surgeles-site.png","width":2173,"height":420,"caption":"Les D\u00e9lices Surgel\u00e9s"},"image":{"@id":"https:\/\/www.delicessurgeles.com\/en\/#\/schema\/logo\/image\/"}}]}},"_links":{"self":[{"href":"https:\/\/www.delicessurgeles.com\/en\/wp-json\/wp\/v2\/pages\/2970","targetHints":{"allow":["GET"]}}],"collection":[{"href":"https:\/\/www.delicessurgeles.com\/en\/wp-json\/wp\/v2\/pages"}],"about":[{"href":"https:\/\/www.delicessurgeles.com\/en\/wp-json\/wp\/v2\/types\/page"}],"author":[{"embeddable":true,"href":"https:\/\/www.delicessurgeles.com\/en\/wp-json\/wp\/v2\/users\/2"}],"replies":[{"embeddable":true,"href":"https:\/\/www.delicessurgeles.com\/en\/wp-json\/wp\/v2\/comments?post=2970"}],"version-history":[{"count":2,"href":"https:\/\/www.delicessurgeles.com\/en\/wp-json\/wp\/v2\/pages\/2970\/revisions"}],"predecessor-version":[{"id":2996,"href":"https:\/\/www.delicessurgeles.com\/en\/wp-json\/wp\/v2\/pages\/2970\/revisions\/2996"}],"wp:attachment":[{"href":"https:\/\/www.delicessurgeles.com\/en\/wp-json\/wp\/v2\/media?parent=2970"}],"curies":[{"name":"wp","href":"https:\/\/api.w.org\/{rel}","templated":true}]}}